{"id":61,"date":"2025-05-08T10:15:55","date_gmt":"2025-05-08T10:15:55","guid":{"rendered":"https:\/\/danielsund.no\/?page_id=61"},"modified":"2026-04-13T11:43:15","modified_gmt":"2026-04-13T11:43:15","slug":"tilbakemeldinger","status":"publish","type":"page","link":"https:\/\/danielsund.no\/en\/tilbakemeldinger\/","title":{"rendered":"Tilbakemeldinger"},"content":{"rendered":"<div data-elementor-type=\"wp-page\" data-elementor-id=\"61\" class=\"elementor elementor-61\" data-elementor-post-type=\"page\">\n\t\t\t\t<div class=\"elementor-element elementor-element-50722ba e-flex e-con-boxed e-con e-parent\" data-id=\"50722ba\" data-element_type=\"container\" data-e-type=\"container\">\n\t\t\t\t\t<div class=\"e-con-inner\">\n\t\t<div class=\"elementor-element elementor-element-b40444a e-con-full e-flex e-con e-child\" data-id=\"b40444a\" data-element_type=\"container\" data-e-type=\"container\" data-settings=\"{&quot;background_background&quot;:&quot;classic&quot;}\">\n\t\t\t\t<div class=\"elementor-element elementor-element-608199b0 elementor-widget__width-inherit elementor-widget elementor-widget-heading\" data-id=\"608199b0\" data-element_type=\"widget\" data-e-type=\"widget\" data-widget_type=\"heading.default\">\n\t\t\t\t<div class=\"elementor-widget-container\">\n\t\t\t\t\t<h2 class=\"elementor-heading-title elementor-size-default\">Tilbakemeldinger<\/h2>\t\t\t\t<\/div>\n\t\t\t\t<\/div>\n\t\t\t\t<div class=\"elementor-element elementor-element-3fb90c37 elementor-widget-mobile__width-inherit elementor-widget elementor-widget-text-editor\" data-id=\"3fb90c37\" data-element_type=\"widget\" data-e-type=\"widget\" data-widget_type=\"text-editor.default\">\n\t\t\t\t<div class=\"elementor-widget-container\">\n\t\t\t\t\t\t\t\t\t<p class=\"has-commissioner-font-family\"><span style=\"font-size: 1rem;\">Her finner du tilbakemeldinger fra mennesker jeg har f\u00e5tt jobbe sammen med.<\/span><\/p><p class=\"has-commissioner-font-family\">Hver opplevelse er unik, men kanskje vil du kjenne deg igjen i noe av det som deles her?<\/p>\t\t\t\t\t\t\t\t<\/div>\n\t\t\t\t<\/div>\n\t\t\t\t<div class=\"elementor-element elementor-element-7c0f087 elementor-widget__width-inherit elementor-widget elementor-widget-text-editor\" data-id=\"7c0f087\" data-element_type=\"widget\" data-e-type=\"widget\" data-widget_type=\"text-editor.default\">\n\t\t\t\t<div class=\"elementor-widget-container\">\n\t\t\t\t\t\t\t\t\t<p><span style=\"font-size: 1rem;\">\u275d<\/span>A healing session with Daniel feels like gently waking up to more of who you truly are.&nbsp;<\/p><p>With his support, you\u2019re able to unfold layers within yourself like peeling back the skin of an onion. Leaving you feeling both lighter and more solid at the same time. There\u2019s a sense of becoming \u201cstrongly lighter,\u201d as if you\u2019re carrying fewer emotional layers, beliefs, and inner weight.&nbsp;<\/p><p>Working with him creates a space where you can truly be with yourself, allowing you to go deeper into your own processes while safely expanding your limits and tolerance. He invites a deeper curiosity toward the waves of sensations and energies in your body, experiences you might usually tense around or resist in everyday life.&nbsp;<\/p><p>His presence is deeply attentive and non-judgmental, always encouraging yet never pushing you beyond what feels right. This creates a space that feels profoundly healing, supportive, and deeply relaxing.<\/p>\n<p>&#8211; Lise<\/p>\t\t\t\t\t\t\t\t<\/div>\n\t\t\t\t<\/div>\n\t\t\t\t<div class=\"elementor-element elementor-element-ead8742 elementor-widget-divider--view-line elementor-widget elementor-widget-divider\" data-id=\"ead8742\" data-element_type=\"widget\" data-e-type=\"widget\" data-widget_type=\"divider.default\">\n\t\t\t\t<div class=\"elementor-widget-container\">\n\t\t\t\t\t\t\t<div class=\"elementor-divider\">\n\t\t\t<span class=\"elementor-divider-separator\">\n\t\t\t\t\t\t<\/span>\n\t\t<\/div>\n\t\t\t\t\t\t<\/div>\n\t\t\t\t<\/div>\n\t\t\t\t<div class=\"elementor-element elementor-element-2a93d68 elementor-widget__width-inherit elementor-widget elementor-widget-text-editor\" data-id=\"2a93d68\" data-element_type=\"widget\" data-e-type=\"widget\" data-widget_type=\"text-editor.default\">\n\t\t\t\t<div class=\"elementor-widget-container\">\n\t\t\t\t\t\t\t\t\t<p><span style=\"font-size: 1rem;\">\u275d<\/span><span style=\"font-size: 1rem;\">Min opplevelse hos deg har v\u00e6rt en liten reise.&nbsp;&nbsp;<\/span><\/p>\n<p><span style=\"font-size: 1rem;\">Det f\u00f8ltes litt avkledd og skremmende p\u00e5 f\u00f8rste sesjon. Jeg klarte etter hvert \u00e5 gi helt slipp og lot meg selv bare v\u00e6re og oppleve.&nbsp;<\/span><\/p>\n<p><span style=\"font-size: 1rem;\">Det har v\u00e6rt nytt og annerledes hver gang, og jeg har oppdaget flere sider i meg som har v\u00e6rt nyttig, som \u00e5 finne den stemmen som vil meg kun godt.&nbsp;<\/span><\/p>\n<p>&#8211; Sofie<\/p>\t\t\t\t\t\t\t\t<\/div>\n\t\t\t\t<\/div>\n\t\t\t\t<div class=\"elementor-element elementor-element-d26cb75 elementor-widget-divider--view-line elementor-widget elementor-widget-divider\" data-id=\"d26cb75\" data-element_type=\"widget\" data-e-type=\"widget\" data-widget_type=\"divider.default\">\n\t\t\t\t<div class=\"elementor-widget-container\">\n\t\t\t\t\t\t\t<div class=\"elementor-divider\">\n\t\t\t<span class=\"elementor-divider-separator\">\n\t\t\t\t\t\t<\/span>\n\t\t<\/div>\n\t\t\t\t\t\t<\/div>\n\t\t\t\t<\/div>\n\t\t\t\t<div class=\"elementor-element elementor-element-3e79dd3 elementor-widget__width-inherit elementor-widget elementor-widget-text-editor\" data-id=\"3e79dd3\" data-element_type=\"widget\" data-e-type=\"widget\" data-widget_type=\"text-editor.default\">\n\t\t\t\t<div class=\"elementor-widget-container\">\n\t\t\t\t\t\t\t\t\t<p><span style=\"font-size: 1rem;\">\u275d<\/span><span style=\"font-size: 1rem;\">Your healing is truly amazing.\u00a0<\/span><\/p><p><span style=\"font-size: 1rem;\">Lately, I had been having trouble sleeping deeply, but on the night after your session, I slept so deeply \u2013 and before I knew it, it was morning.\u00a0<\/span><\/p><p><span style=\"font-size: 1rem;\">I&#8217;m someone who believes in unseen energy, and I often tell others that we all have invisible power within us&#8230;\u00a0<\/span><span style=\"font-size: 1rem;\">but your sessions honestly feel like magic. It&#8217;s really incredible.\u00a0<\/span><\/p><p><span style=\"font-size: 1rem;\">I truly hope more people get to experience your work, and that this kind of healing becomes more widely recognized.<\/span><\/p><p>&#8211; Tomomi<\/p>\t\t\t\t\t\t\t\t<\/div>\n\t\t\t\t<\/div>\n\t\t\t\t<div class=\"elementor-element elementor-element-876603a elementor-widget-divider--view-line elementor-widget elementor-widget-divider\" data-id=\"876603a\" data-element_type=\"widget\" data-e-type=\"widget\" data-widget_type=\"divider.default\">\n\t\t\t\t<div class=\"elementor-widget-container\">\n\t\t\t\t\t\t\t<div class=\"elementor-divider\">\n\t\t\t<span class=\"elementor-divider-separator\">\n\t\t\t\t\t\t<\/span>\n\t\t<\/div>\n\t\t\t\t\t\t<\/div>\n\t\t\t\t<\/div>\n\t\t\t\t<div class=\"elementor-element elementor-element-1d61b7c elementor-widget__width-inherit elementor-widget elementor-widget-text-editor\" data-id=\"1d61b7c\" data-element_type=\"widget\" data-e-type=\"widget\" data-widget_type=\"text-editor.default\">\n\t\t\t\t<div class=\"elementor-widget-container\">\n\t\t\t\t\t\t\t\t\t<p><span style=\"font-size: 1rem;\">\u275d<\/span><span style=\"font-size: 1rem;\">En fantastisk healer!\u00a0<\/span><\/p><p><span style=\"font-size: 1rem;\">Betraktelig mindre stress og tankekj\u00f8r etter noen ganger p\u00e5 benken. S\u00e5 godt \u00e5 slippe bekymringer og bare finne ro og fred.\u00a0<\/span><\/p><p><span style=\"font-size: 1rem;\">Anbefales virkelig!<\/span><\/p><p>&#8211; E<\/p>\t\t\t\t\t\t\t\t<\/div>\n\t\t\t\t<\/div>\n\t\t\t\t<div class=\"elementor-element elementor-element-bcb45f8 elementor-widget-divider--view-line elementor-widget elementor-widget-divider\" data-id=\"bcb45f8\" data-element_type=\"widget\" data-e-type=\"widget\" data-widget_type=\"divider.default\">\n\t\t\t\t<div class=\"elementor-widget-container\">\n\t\t\t\t\t\t\t<div class=\"elementor-divider\">\n\t\t\t<span class=\"elementor-divider-separator\">\n\t\t\t\t\t\t<\/span>\n\t\t<\/div>\n\t\t\t\t\t\t<\/div>\n\t\t\t\t<\/div>\n\t\t\t\t<div class=\"elementor-element elementor-element-f787103 elementor-widget__width-inherit elementor-widget elementor-widget-text-editor\" data-id=\"f787103\" data-element_type=\"widget\" data-e-type=\"widget\" data-widget_type=\"text-editor.default\">\n\t\t\t\t<div class=\"elementor-widget-container\">\n\t\t\t\t\t\t\t\t\t<p>\u275d<span style=\"color: #212121; font-size: 1rem;\">Jeg hadde aldri pr\u00f8vd healing f\u00f8r timene hos Daniel, og jeg<br \/>hadde heller ingen forventninger, tvert imot. Jeg er relativ ung, og ingen i<br \/>min omgangskrets har pr\u00f8vd heller.\u00a0<\/span><span style=\"color: #212121; font-size: 1rem;\">Men; etter f\u00f8rste healing sesjon ble nysgjerrigheten min vekket.<br \/>Det er litt vanskelig \u00e5 beskrive hvordan det oppleves under en healing sesjon,<br \/>men jeg forklarer det som &laquo;massasje for sjelen&raquo;, eller som \u00e5 la<br \/>tankene og f\u00f8lelsene &laquo;g\u00e5 p\u00e5 SPA&raquo;.<\/span><\/p><p><span style=\"color: #212121; font-size: 1rem;\">Det er utrolig avslappende og behagelig under healing sesjonene.<br \/>Kroppen- og nervesystemet roer seg helt ned, noe jeg har veldig godt utbytte<br \/>av, siden jeg lever i det ber\u00f8mte hamsterhjulet med sm\u00e5 barn og alt det<br \/>medf\u00f8lger.<\/span><\/p><p><span style=\"color: #212121; font-size: 1rem;\">I etterkant av behandlingene, og noe av det viktigste for meg-<br \/>jeg har l\u00e6rt meg \u00e5 stresse ned i situasjoner der jeg ellers ville v\u00e6rt<br \/>stresset. S\u00e5 behandlingene ser jeg p\u00e5 som \u00e5 l\u00e6re \u00e5 roe ned nervesystemet, p\u00e5 en<br \/>litt annen m\u00e5te enn de tradisjonelle.<\/span><\/p><p><span style=\"color: #212121; font-size: 1rem;\">Under healingen, n\u00e5r jeg er helt fri for tanker, stress, og<br \/>bekymringer, bringer det frem en &laquo;tilstand&raquo;, som jeg opplever at jeg,<br \/>kroppen og hjernen min er sv\u00e6rt tilfreds med.\u00a0<\/span><\/p><p><span style=\"mso-fareast-font-family: 'Times New Roman'; color: #212121;\">Jeg har l\u00e6rt meg at n\u00e5r stresset tar overh\u00e5nd, og nervesystemet<br \/>jobber p\u00e5 h\u00f8ygir, s\u00e5 er det faktisk mulig \u00e5 roe ned seg selv ved hjelp av sm\u00e5<br \/>verkt\u00f8y, som utgj\u00f8r s\u00e5 stor forskjell!<\/span><\/p><p><span style=\"mso-fareast-font-family: 'Times New Roman'; color: #212121;\">Jeg mener at disse healing sesjonene har gjort meg, og kroppen<br \/>min, oppmerksom p\u00e5 hvor avslappet jeg egentlig kan bli. Og det er nyttig \u00e5 bli<br \/>kjent med kroppen sin p\u00e5 den m\u00e5ten.<\/span><\/p><p><span style=\"mso-fareast-font-family: 'Times New Roman'; color: #212121;\">Dette har v\u00e6rt en tydelig forandring hos meg, og det g\u00f8yeste er<br \/>at det ikke tok s\u00e5 mange behandlinger f\u00f8r tanken om \u00e5 roe ned ble implisitt i<br \/>mine tankem\u00f8nstre.<\/span><\/p><p><span style=\"color: #212121; font-size: 1rem;\">Jeg angrer nesten p\u00e5 at jeg ikke har pr\u00f8vd healing f\u00f8r!<br \/>Anbefaler Daniel p\u00e5 det sterkeste.<\/span><\/p><p>\u2013 Charlotte<\/p>\t\t\t\t\t\t\t\t<\/div>\n\t\t\t\t<\/div>\n\t\t\t\t<div class=\"elementor-element elementor-element-199af14 elementor-widget-divider--view-line elementor-widget elementor-widget-divider\" data-id=\"199af14\" data-element_type=\"widget\" data-e-type=\"widget\" data-widget_type=\"divider.default\">\n\t\t\t\t<div class=\"elementor-widget-container\">\n\t\t\t\t\t\t\t<div class=\"elementor-divider\">\n\t\t\t<span class=\"elementor-divider-separator\">\n\t\t\t\t\t\t<\/span>\n\t\t<\/div>\n\t\t\t\t\t\t<\/div>\n\t\t\t\t<\/div>\n\t\t\t\t<div class=\"elementor-element elementor-element-3c2dc54 elementor-widget__width-inherit elementor-widget elementor-widget-text-editor\" data-id=\"3c2dc54\" data-element_type=\"widget\" data-e-type=\"widget\" data-widget_type=\"text-editor.default\">\n\t\t\t\t<div class=\"elementor-widget-container\">\n\t\t\t\t\t\t\t\t\t<p><span style=\"font-size: 1rem;\">\u275d<\/span><span style=\"font-size: 1rem;\">Jeg har opplevd healingen som trygg og avslappende. Jeg f\u00f8lte meg godt ivaretatt.\u00a0<\/span><\/p><p>Etter \u00e5 hatt ryggsmerter i mange \u00e5r og pr\u00f8vd mye ulik behandling, var dette noe som ga rask bedring. Smertene slipper gradvis litt og litt for hver dag som g\u00e5r.\u00a0<\/p><p>Jeg har mer energi og t\u00e5ler mye mer, n\u00e5 kan jeg l\u00f8fte og gj\u00f8re ting jeg ikke har gjort p\u00e5 flere \u00e5r.\u00a0<\/p><p>&#8211; Linn<\/p>\t\t\t\t\t\t\t\t<\/div>\n\t\t\t\t<\/div>\n\t\t\t\t<div class=\"elementor-element elementor-element-edce0fd elementor-widget-divider--view-line elementor-widget elementor-widget-divider\" data-id=\"edce0fd\" data-element_type=\"widget\" data-e-type=\"widget\" data-widget_type=\"divider.default\">\n\t\t\t\t<div class=\"elementor-widget-container\">\n\t\t\t\t\t\t\t<div class=\"elementor-divider\">\n\t\t\t<span class=\"elementor-divider-separator\">\n\t\t\t\t\t\t<\/span>\n\t\t<\/div>\n\t\t\t\t\t\t<\/div>\n\t\t\t\t<\/div>\n\t\t\t\t<div class=\"elementor-element elementor-element-266e4ad elementor-widget__width-inherit elementor-widget elementor-widget-text-editor\" data-id=\"266e4ad\" data-element_type=\"widget\" data-e-type=\"widget\" data-widget_type=\"text-editor.default\">\n\t\t\t\t<div class=\"elementor-widget-container\">\n\t\t\t\t\t\t\t\t\t<p>\u275dVed en tilfeldighet kom jeg over Daniels nettside. Jeg er opptatt av egenutvikling, men hadde kommet til et punkt der jeg sto litt &laquo;fast&raquo;. Til \u00e5 begynne med gjorde jeg ingenting, men det var noe i informasjonen jeg fant som ikke ville slippe taket i meg. Etter ca en uke bestilte jeg derfor tre behandlinger.\u00a0<\/p><p>Jeg stilte med \u00e5pent sinn, men jeg syntes det var litt rart at han ikke ville h\u00f8re noe om &laquo;mine plager&raquo;, og at han heller ikke skulle legge hendene p\u00e5 meg.\u00a0<span style=\"font-size: 1rem;\">Allerede under f\u00f8rste behandling merket jeg en enorm varme da Daniel holdt hendene over hodet mitt. Jeg gikk inn og ut av en slags &laquo;meditativ s\u00f8vn&raquo;, og mange bilder viste seg for meg.<\/span><\/p><p>I ettertid har jeg skj\u00f8nt at Reconnective Healing \u00e5pner noen kanaler, slik at energien kan str\u00f8mme fritt i kroppen. Det er ikke noen &laquo;utenfor&raquo; som skal helbrede, det m\u00e5 &laquo;pasienten&raquo; gj\u00f8re selv n\u00e5r blokkeringene er fjernet. Sansene skjerpes, intuisjonen blir sterkere, og man kjenner p\u00e5 en indre ro. For min del har de tre behandlingene virkelig v\u00e6rt klargj\u00f8rende for min videre utvikling.<\/p><p>Daniel utstr\u00e5ler en indre ro og trygghet, som vises i samtalene f\u00f8r og etter behandlingen, men ogs\u00e5 i selve healingen. Dette var en sv\u00e6rt god opplevelse.<\/p><p>\u2013 Gro<\/p>\t\t\t\t\t\t\t\t<\/div>\n\t\t\t\t<\/div>\n\t\t\t\t<div class=\"elementor-element elementor-element-96b88c1 elementor-widget-divider--view-line elementor-widget elementor-widget-divider\" data-id=\"96b88c1\" data-element_type=\"widget\" data-e-type=\"widget\" data-widget_type=\"divider.default\">\n\t\t\t\t<div class=\"elementor-widget-container\">\n\t\t\t\t\t\t\t<div class=\"elementor-divider\">\n\t\t\t<span class=\"elementor-divider-separator\">\n\t\t\t\t\t\t<\/span>\n\t\t<\/div>\n\t\t\t\t\t\t<\/div>\n\t\t\t\t<\/div>\n\t\t\t\t<div class=\"elementor-element elementor-element-9967bed elementor-widget__width-inherit elementor-widget elementor-widget-text-editor\" data-id=\"9967bed\" data-element_type=\"widget\" data-e-type=\"widget\" data-widget_type=\"text-editor.default\">\n\t\t\t\t<div class=\"elementor-widget-container\">\n\t\t\t\t\t\t\t\t\t<p>\u275dJeg har v\u00e6rt hos Daniel Sund 2 ganger og jeg hadde en veldig positiv og helende opplevelse med han.<\/p><p>Det var trygt og behagelig, og jeg f\u00f8lte meg veldig godt tatt vare p\u00e5, og mye av tyngden i kropp og sjel ble lettet.<\/p><p>Jeg satte veldig pris p\u00e5 tilstedev\u00e6relsen og menneskeligheten til Daniel \u2013 jeg opplevde han ikke som en \u201cekspert\u201d som skulle \u201cfikse\u201d noe, men heller et medmenneske med en gave fra naturen som han vil dele, og hjelpe meg kvitte meg med det m\u00f8rke jeg b\u00e6rer rundt p\u00e5.<\/p><p>Det var en veldig fin opplevelse.<\/p><p>\u2013 Karen<\/p>\t\t\t\t\t\t\t\t<\/div>\n\t\t\t\t<\/div>\n\t\t\t\t<div class=\"elementor-element elementor-element-1041a48 elementor-widget-divider--view-line elementor-widget elementor-widget-divider\" data-id=\"1041a48\" data-element_type=\"widget\" data-e-type=\"widget\" data-widget_type=\"divider.default\">\n\t\t\t\t<div class=\"elementor-widget-container\">\n\t\t\t\t\t\t\t<div class=\"elementor-divider\">\n\t\t\t<span class=\"elementor-divider-separator\">\n\t\t\t\t\t\t<\/span>\n\t\t<\/div>\n\t\t\t\t\t\t<\/div>\n\t\t\t\t<\/div>\n\t\t\t\t<div class=\"elementor-element elementor-element-8bb8390 elementor-widget__width-inherit elementor-widget elementor-widget-text-editor\" data-id=\"8bb8390\" data-element_type=\"widget\" data-e-type=\"widget\" data-widget_type=\"text-editor.default\">\n\t\t\t\t<div class=\"elementor-widget-container\">\n\t\t\t\t\t\t\t\t\t<p class=\"has-theme-4-color has-text-color has-link-color has-commissioner-font-family wp-elements-14cdc315500367904942a47459684f4f\">\u275dDet var berre heilt fantastisk \u00e5 f\u00e5 dei to behandlingane!\u00a0 Hadde mykje stress i kroppen og var veldig sliten d\u00e5 eg kom til deg. F\u00f8lte ei slik ro i kroppen etterp\u00e5, nesten samme f\u00f8lelse som \u00e5 f\u00e5 massasje!<\/p><p class=\"has-theme-4-color has-text-color has-link-color has-commissioner-font-family wp-elements-274caabd184d1f4a60482b9a4c6335b3\"><em>Kan virkelig anbefalast!<\/em>\u00a0<\/p><p class=\"has-theme-4-color has-text-color has-link-color has-commissioner-font-family wp-elements-37569a3d4db3421b7ab6a60fa8bc926c\">\u2013<em>Ann Margreth<\/em><\/p>\t\t\t\t\t\t\t\t<\/div>\n\t\t\t\t<\/div>\n\t\t\t\t<div class=\"elementor-element elementor-element-2770758 elementor-widget-divider--view-line elementor-widget elementor-widget-divider\" data-id=\"2770758\" data-element_type=\"widget\" data-e-type=\"widget\" data-widget_type=\"divider.default\">\n\t\t\t\t<div class=\"elementor-widget-container\">\n\t\t\t\t\t\t\t<div class=\"elementor-divider\">\n\t\t\t<span class=\"elementor-divider-separator\">\n\t\t\t\t\t\t<\/span>\n\t\t<\/div>\n\t\t\t\t\t\t<\/div>\n\t\t\t\t<\/div>\n\t\t\t\t<div class=\"elementor-element elementor-element-eafa9fe elementor-widget__width-inherit elementor-widget elementor-widget-text-editor\" data-id=\"eafa9fe\" data-element_type=\"widget\" data-e-type=\"widget\" data-widget_type=\"text-editor.default\">\n\t\t\t\t<div class=\"elementor-widget-container\">\n\t\t\t\t\t\t\t\t\t<p>\u275dJeg har hatt tre sesjoner hos Daniel. Jeg har kjent at det som f\u00f8ltes som stengsler l\u00f8ste seg. Det er trygt og fint \u00e5 bli m\u00f8tt av Daniel, han er hyggelig og jordn\u00e6r.<\/p><p>Kan anbefales til andre som trenger healinghjelp.<\/p><p>\u2013Anne<\/p>\t\t\t\t\t\t\t\t<\/div>\n\t\t\t\t<\/div>\n\t\t\t\t<div class=\"elementor-element elementor-element-8fe93a5 elementor-widget-divider--view-line elementor-widget elementor-widget-divider\" data-id=\"8fe93a5\" data-element_type=\"widget\" data-e-type=\"widget\" data-widget_type=\"divider.default\">\n\t\t\t\t<div class=\"elementor-widget-container\">\n\t\t\t\t\t\t\t<div class=\"elementor-divider\">\n\t\t\t<span class=\"elementor-divider-separator\">\n\t\t\t\t\t\t<\/span>\n\t\t<\/div>\n\t\t\t\t\t\t<\/div>\n\t\t\t\t<\/div>\n\t\t\t\t<div class=\"elementor-element elementor-element-c9d47cb elementor-widget__width-inherit elementor-widget elementor-widget-text-editor\" data-id=\"c9d47cb\" data-element_type=\"widget\" data-e-type=\"widget\" data-widget_type=\"text-editor.default\">\n\t\t\t\t<div class=\"elementor-widget-container\">\n\t\t\t\t\t\t\t\t\t<p class=\"has-theme-4-color has-text-color has-link-color has-commissioner-font-family wp-elements-926153cec69c51877c5f1131ca060bf9\">\u275dDet hjelper til \u00e5 roe kroppen litt n\u00e5r ting st\u00e5r p\u00e5 som verst.<br \/>Det hjelper meg \u00e5 sortere tankene n\u00e5r det bare er kaos.<br \/>Det gir h\u00e5p om at ting blir bedre og man kjenner energiene jobbe godt under timene.<br \/>Det blir lettere \u00e5 jobbe seg gjennom ting, fordi man f\u00f8ler man f\u00e5r hjelp p\u00e5 en helt annen m\u00e5te energimessig.<\/p><p class=\"has-theme-4-color has-text-color has-link-color has-commissioner-font-family wp-elements-085ac6ef5a65c57adf389c317117b6b8\">Man f\u00e5r fin samtale f\u00f8r og etter timen som setter ting i perspektiv.<br \/>Man f\u00e5r det lille pushet inni seg til \u00e5 endre vaner og gj\u00f8re forandringer som m\u00e5 til for \u00e5 komme seg videre.<\/p><p class=\"has-theme-4-color has-text-color has-link-color has-commissioner-font-family wp-elements-8c4428c861c9d02ffb0fc38c600d814b\"><em>Man finner mer ro inni seg selv om man g\u00e5r gjennom noe t\u00f8ft.<\/em><\/p><p class=\"has-theme-4-color has-text-color has-link-color has-commissioner-font-family wp-elements-c51c9537f91b17bf952809acaf9c17b4\"><em>\u2013 M<\/em><\/p>\t\t\t\t\t\t\t\t<\/div>\n\t\t\t\t<\/div>\n\t\t\t\t<div class=\"elementor-element elementor-element-f19dd4b elementor-widget-divider--view-line elementor-widget elementor-widget-divider\" data-id=\"f19dd4b\" data-element_type=\"widget\" data-e-type=\"widget\" data-widget_type=\"divider.default\">\n\t\t\t\t<div class=\"elementor-widget-container\">\n\t\t\t\t\t\t\t<div class=\"elementor-divider\">\n\t\t\t<span class=\"elementor-divider-separator\">\n\t\t\t\t\t\t<\/span>\n\t\t<\/div>\n\t\t\t\t\t\t<\/div>\n\t\t\t\t<\/div>\n\t\t\t\t<div class=\"elementor-element elementor-element-90ee648 elementor-widget__width-inherit elementor-widget elementor-widget-text-editor\" data-id=\"90ee648\" data-element_type=\"widget\" data-e-type=\"widget\" data-widget_type=\"text-editor.default\">\n\t\t\t\t<div class=\"elementor-widget-container\">\n\t\t\t\t\t\t\t\t\t<p>\u275dEtter f\u00f8rste bes\u00f8k da jeg var noks\u00e5 nede, f\u00f8lte jeg meg lettet og l\u00f8ftet, og ting jeg hadde grublet p\u00e5 til ingen nytte ble borte.<\/p><p>Ved andre bes\u00f8k ble flere knuter l\u00f8st opp. Det var veldig godt \u00e5 f\u00e5 vann, papirlommet\u00f8rkle og godteri etterp\u00e5!<\/p><p>Daniel har en veldig fin og sympatisk m\u00e5te \u00e5 forklare ting p\u00e5 og jeg f\u00f8lte meg godt ivaretatt.<\/p><p>Jeg vil\u00a0absolutt anbefale Daniel til andre.<\/p><p>\u2013 C<\/p>\t\t\t\t\t\t\t\t<\/div>\n\t\t\t\t<\/div>\n\t\t\t\t<\/div>\n\t\t\t\t\t<\/div>\n\t\t\t\t<\/div>\n\t\t\t\t<\/div>","protected":false},"excerpt":{"rendered":"<p>Tilbakemeldinger Her finner du tilbakemeldinger fra mennesker jeg har f\u00e5tt jobbe sammen med. Hver opplevelse er unik, men kanskje vil du kjenne deg igjen i noe av det som deles her? \u275dA healing session with Daniel feels like gently waking up to more of who you truly are.&nbsp; With his support, you\u2019re able to unfold [&hellip;]<\/p>\n","protected":false},"author":1,"featured_media":0,"parent":0,"menu_order":0,"comment_status":"closed","ping_status":"closed","template":"","meta":{"_monsterinsights_skip_tracking":false,"_monsterinsights_sitenote_active":false,"_monsterinsights_sitenote_note":"","_monsterinsights_sitenote_category":0,"footnotes":""},"class_list":["post-61","page","type-page","status-publish","hentry"],"aioseo_notices":[],"jetpack_sharing_enabled":true,"_links":{"self":[{"href":"https:\/\/danielsund.no\/en\/wp-json\/wp\/v2\/pages\/61","targetHints":{"allow":["GET"]}}],"collection":[{"href":"https:\/\/danielsund.no\/en\/wp-json\/wp\/v2\/pages"}],"about":[{"href":"https:\/\/danielsund.no\/en\/wp-json\/wp\/v2\/types\/page"}],"author":[{"embeddable":true,"href":"https:\/\/danielsund.no\/en\/wp-json\/wp\/v2\/users\/1"}],"replies":[{"embeddable":true,"href":"https:\/\/danielsund.no\/en\/wp-json\/wp\/v2\/comments?post=61"}],"version-history":[{"count":169,"href":"https:\/\/danielsund.no\/en\/wp-json\/wp\/v2\/pages\/61\/revisions"}],"predecessor-version":[{"id":1916,"href":"https:\/\/danielsund.no\/en\/wp-json\/wp\/v2\/pages\/61\/revisions\/1916"}],"wp:attachment":[{"href":"https:\/\/danielsund.no\/en\/wp-json\/wp\/v2\/media?parent=61"}],"curies":[{"name":"wp","href":"https:\/\/api.w.org\/{rel}","templated":true}]}}