{"id":593,"date":"2025-06-28T10:44:18","date_gmt":"2025-06-28T10:44:18","guid":{"rendered":"https:\/\/danielsund.no\/?page_id=593"},"modified":"2026-02-13T09:24:44","modified_gmt":"2026-02-13T09:24:44","slug":"betingelser","status":"publish","type":"page","link":"https:\/\/danielsund.no\/en\/betingelser\/","title":{"rendered":"Betingelser"},"content":{"rendered":"<div data-elementor-type=\"wp-page\" data-elementor-id=\"593\" class=\"elementor elementor-593\" data-elementor-post-type=\"page\">\n\t\t\t\t<div class=\"elementor-element elementor-element-693b76bd e-flex e-con-boxed e-con e-parent\" data-id=\"693b76bd\" data-element_type=\"container\" data-e-type=\"container\">\n\t\t\t\t\t<div class=\"e-con-inner\">\n\t\t<div class=\"elementor-element elementor-element-3ba84f9e e-flex e-con-boxed e-con e-child\" data-id=\"3ba84f9e\" data-element_type=\"container\" data-e-type=\"container\" data-settings=\"{&quot;background_background&quot;:&quot;classic&quot;}\">\n\t\t\t\t\t<div class=\"e-con-inner\">\n\t\t\t\t<div class=\"elementor-element elementor-element-10367c7b elementor-widget elementor-widget-heading\" data-id=\"10367c7b\" data-element_type=\"widget\" data-e-type=\"widget\" data-widget_type=\"heading.default\">\n\t\t\t\t<div class=\"elementor-widget-container\">\n\t\t\t\t\t<h2 class=\"elementor-heading-title elementor-size-default\">Betingelser<\/h2>\t\t\t\t<\/div>\n\t\t\t\t<\/div>\n\t\t\t\t<div class=\"elementor-element elementor-element-46350f27 elementor-widget__width-inherit elementor-widget elementor-widget-text-editor\" data-id=\"46350f27\" data-element_type=\"widget\" data-e-type=\"widget\" data-widget_type=\"text-editor.default\">\n\t\t\t\t<div class=\"elementor-widget-container\">\n\t\t\t\t\t\t\t\t\t<p><strong>Salgsvilk\u00e5r for Healer Daniel Sund<\/strong><\/p>\n<p>1. Generelle Vilk\u00e5r<br>Disse vilk\u00e5rene gjelder for salg av tjenester fra Daniel Sund, ved bestilling av tjenester aksepterer kunden disse vilk\u00e5rene.<\/p>\n<p>2. Bestilling og Avtaleinng\u00e5else<br>Kunden kan bestille tjenester via telefon, e-post, eller online bestillingssystem. Avtalen om levering av tjenesten anses inng\u00e5tt n\u00e5r Daniel Sund har bekreftet bestillingen.<\/p>\n<p>3. Tjenestens Innhold<br>Healing er en energetisk metode som tilbys i form av individuelle sesjoner. Hver sesjon varer i omtrent 30-60 minutter. Form\u00e5let med tjenesten er \u00e5 st\u00f8tte kundens fysiske, emosjonelle, og \u00e5ndelige velv\u00e6re.<\/p>\n<p>4. Priser og Betaling<br>Prisen for tjenestene vil v\u00e6re som oppgitt p\u00e5 nettsiden og bookingssystemet, og dette er i helhet prisen kunden skal betale for tjenesten. Betaling kan gj\u00f8res p\u00e5 forh\u00e5nd via bookingsystemet eller ved oppm\u00f8te p\u00e5 kontoret. Betaling kan gj\u00f8res via betalingskort, Vipps eller kontant.<\/p>\n<p>5. Avbestilling og Endring av Time<br>Kunden kan avbestille eller endre sin avtale inntil 24 timer f\u00f8r avtalt tid uten kostnad. Ved avbestilling mindre enn 24 timer f\u00f8r, eller ved uteblivelse, forbeholder Daniel Sund seg retten til \u00e5 fakturere for hele eller deler av avtalen.<\/p>\n<p>6. Ansvarsbegrensning<br>Healing er en komplement\u00e6r behandlingsform og erstatter ikke medisinsk behandling. Kunden er selv ansvarlig for egen helse og anbefales \u00e5 konsultere lege ved medisinske sp\u00f8rsm\u00e5l. Daniel Sund er ikke ansvarlig for eventuelle skader eller negative konsekvenser av tjenesten. Det er p\u00e5 ingen m\u00e5te anbefalt \u00e5 avbryte eller redusere medisinske behandlinger uten at du avklarer dette med din lege. Daniel Sund er ikke medisinsk personell og verken kan eller vil stille medisinske diagnoser. Har du en medisinsk utfordring, ta i f\u00f8rste rekke kontakt med din lege. Om du allerede har en medisinsk diagnose under behandling kan du gjerne benytte deg av healing, men avbryt aldri p\u00e5g\u00e5ende behandling eller medisinbruk uten avtale med lege. Healing er ikke symptombasert, og gir ingen garantier for et spesifikt resultat.<\/p>\n<p>7. Personvern<br>Daniel Sund f\u00f8lger gjeldende regler for personvern. Personopplysninger som samles inn i forbindelse med tjenestene vil kun bli brukt for administrasjon av bestillinger og tjenesteyting, og vil ikke bli delt med tredjeparter uten samtykke.<\/p>\n<p>8. Endringer i Vilk\u00e5r<br>Daniel Sund forbeholder seg retten til \u00e5 endre disse vilk\u00e5rene n\u00e5r som helst. Endringer vil bli publisert p\u00e5 nettsiden, og det er kundens ansvar \u00e5 holde seg oppdatert p\u00e5 eventuelle endringer f\u00f8r bestilling.<\/p>\n<p>9. Klage og Reklamasjon<br>Hvis kunden ikke er forn\u00f8yd med tjenesten, oppfordres det til \u00e5 ta kontakt s\u00e5 snart som mulig for \u00e5 l\u00f8se eventuelle uenigheter. Formelle klager m\u00e5 sendes skriftlig innen 14 dager etter utf\u00f8rt tjeneste.<\/p>\n<p>10. Gjeldende Lov og Tvistel\u00f8sning<br>Disse vilk\u00e5rene er underlagt norsk lov. Eventuelle tvister skal fors\u00f8kes l\u00f8st i minnelighet. Hvis partene ikke kommer til enighet, kan saken bringes inn for de ordin\u00e6re domstoler i Bergen.<\/p>\t\t\t\t\t\t\t\t<\/div>\n\t\t\t\t<\/div>\n\t\t\t\t\t<\/div>\n\t\t\t\t<\/div>\n\t\t\t\t\t<\/div>\n\t\t\t\t<\/div>\n\t\t\t\t<\/div>","protected":false},"excerpt":{"rendered":"<p>Betingelser Salgsvilk\u00e5r for Healer Daniel Sund 1. Generelle Vilk\u00e5rDisse vilk\u00e5rene gjelder for salg av tjenester fra Daniel Sund, ved bestilling av tjenester aksepterer kunden disse vilk\u00e5rene. 2. Bestilling og Avtaleinng\u00e5elseKunden kan bestille tjenester via telefon, e-post, eller online bestillingssystem. Avtalen om levering av tjenesten anses inng\u00e5tt n\u00e5r Daniel Sund har bekreftet bestillingen. 3. Tjenestens InnholdHealing [&hellip;]<\/p>\n","protected":false},"author":1,"featured_media":0,"parent":0,"menu_order":0,"comment_status":"closed","ping_status":"closed","template":"","meta":{"_monsterinsights_skip_tracking":false,"_monsterinsights_sitenote_active":false,"_monsterinsights_sitenote_note":"","_monsterinsights_sitenote_category":0,"footnotes":""},"class_list":["post-593","page","type-page","status-publish","hentry"],"aioseo_notices":[],"jetpack_sharing_enabled":true,"_links":{"self":[{"href":"https:\/\/danielsund.no\/en\/wp-json\/wp\/v2\/pages\/593","targetHints":{"allow":["GET"]}}],"collection":[{"href":"https:\/\/danielsund.no\/en\/wp-json\/wp\/v2\/pages"}],"about":[{"href":"https:\/\/danielsund.no\/en\/wp-json\/wp\/v2\/types\/page"}],"author":[{"embeddable":true,"href":"https:\/\/danielsund.no\/en\/wp-json\/wp\/v2\/users\/1"}],"replies":[{"embeddable":true,"href":"https:\/\/danielsund.no\/en\/wp-json\/wp\/v2\/comments?post=593"}],"version-history":[{"count":7,"href":"https:\/\/danielsund.no\/en\/wp-json\/wp\/v2\/pages\/593\/revisions"}],"predecessor-version":[{"id":1334,"href":"https:\/\/danielsund.no\/en\/wp-json\/wp\/v2\/pages\/593\/revisions\/1334"}],"wp:attachment":[{"href":"https:\/\/danielsund.no\/en\/wp-json\/wp\/v2\/media?parent=593"}],"curies":[{"name":"wp","href":"https:\/\/api.w.org\/{rel}","templated":true}]}}