{"id":47,"date":"2025-05-08T09:43:18","date_gmt":"2025-05-08T09:43:18","guid":{"rendered":"https:\/\/danielsund.no\/bestill\/"},"modified":"2026-04-13T11:37:50","modified_gmt":"2026-04-13T11:37:50","slug":"bestill","status":"publish","type":"page","link":"https:\/\/danielsund.no\/en\/bestill\/","title":{"rendered":"Bestill"},"content":{"rendered":"\t\t<div data-elementor-type=\"wp-page\" data-elementor-id=\"47\" class=\"elementor elementor-47\" data-elementor-post-type=\"page\">\n\t\t\t\t<div class=\"elementor-element elementor-element-1c86156 e-flex e-con-boxed e-con e-parent\" data-id=\"1c86156\" data-element_type=\"container\" data-e-type=\"container\">\n\t\t\t\t\t<div class=\"e-con-inner\">\n\t\t<div class=\"elementor-element elementor-element-c1b6f8f e-con-full e-flex e-con e-child\" data-id=\"c1b6f8f\" data-element_type=\"container\" data-e-type=\"container\" data-settings=\"{&quot;background_background&quot;:&quot;classic&quot;}\">\n\t\t\t\t<div class=\"elementor-element elementor-element-a1b9b9d elementor-widget elementor-widget-heading\" data-id=\"a1b9b9d\" data-element_type=\"widget\" data-e-type=\"widget\" data-widget_type=\"heading.default\">\n\t\t\t\t<div class=\"elementor-widget-container\">\n\t\t\t\t\t<h2 class=\"elementor-heading-title elementor-size-default\">Bestill<\/h2>\t\t\t\t<\/div>\n\t\t\t\t<\/div>\n\t\t\t\t<div class=\"elementor-element elementor-element-d0d596b elementor-widget-mobile__width-inherit elementor-widget elementor-widget-text-editor\" data-id=\"d0d596b\" data-element_type=\"widget\" data-e-type=\"widget\" data-widget_type=\"text-editor.default\">\n\t\t\t\t<div class=\"elementor-widget-container\">\n\t\t\t\t\t\t\t\t\t<p><strong style=\"font-size: 1rem;\">Pakketilbud<\/strong><\/p><p>3 timer over 4-6 uker.\u00a0<\/p><p><em>Kr 2500 inkl. mva.<\/em><\/p><p>6 timer over 8-12 uker.\u00a0<\/p><p><em>Kr 4000 inkl. mva.<\/em><\/p><p>____________________________<\/p><p><strong style=\"font-size: 1rem;\">Enkelttime<\/strong><\/p><p>Du kan oppgradere til en pakke etter f\u00f8rste time.<\/p><p><em>Kr 1000 inkl. mva.<\/em><\/p><p><em>Delbetaling er mulig for pakker. Ta kontakt dersom du \u00f8nsker dette.<\/em><\/p>\t\t\t\t\t\t\t\t<\/div>\n\t\t\t\t<\/div>\n\t\t\t\t<div class=\"elementor-element elementor-element-9a438be elementor-widget-mobile__width-inherit elementor-widget elementor-widget-text-editor\" data-id=\"9a438be\" data-element_type=\"widget\" data-e-type=\"widget\" data-widget_type=\"text-editor.default\">\n\t\t\t\t<div class=\"elementor-widget-container\">\n\t\t\t\t\t\t\t\t\t<p>Du kan bestille time i kalenderen under, eller ta kontakt via kontaktskjemaet.<\/p>\t\t\t\t\t\t\t\t<\/div>\n\t\t\t\t<\/div>\n\t\t\t\t<div class=\"elementor-element elementor-element-6a26178 elementor-widget elementor-widget-wpforms\" data-id=\"6a26178\" data-element_type=\"widget\" data-e-type=\"widget\" data-widget_type=\"wpforms.default\">\n\t\t\t\t<div class=\"elementor-widget-container\">\n\t\t\t\t\t<style id=\"wpforms-css-vars-elementor-widget-6a26178\">\n\t\t\t\t.elementor-widget-wpforms.elementor-element-6a26178 {\n\t\t\t\t--wpforms-field-border-radius: 10px;\n--wpforms-label-color: #000000;\n--wpforms-label-error-color: #E21A37;\n--wpforms-button-border-radius: 10px;\n--wpforms-button-background-color: #6088D4;\n--wpforms-button-text-color: #C5E6EF;\n--wpforms-field-size-input-height: 31px;\n--wpforms-field-size-input-spacing: 10px;\n--wpforms-field-size-font-size: 14px;\n--wpforms-field-size-line-height: 17px;\n--wpforms-field-size-padding-h: 9px;\n--wpforms-field-size-checkbox-size: 14px;\n--wpforms-field-size-sublabel-spacing: 5px;\n--wpforms-field-size-icon-size: 0.75;\n--wpforms-label-size-font-size: 14px;\n--wpforms-label-size-line-height: 17px;\n--wpforms-label-size-sublabel-font-size: 13px;\n--wpforms-label-size-sublabel-line-height: 16px;\n\t\t\t}\n\t\t\t<\/style><div class=\"wpforms-container wpforms-container-full wpforms-render-modern\" id=\"wpforms-755\"><form id=\"wpforms-form-755\" class=\"wpforms-validate wpforms-form wpforms-ajax-form\" data-formid=\"755\" method=\"post\" enctype=\"multipart\/form-data\" action=\"\/en\/wp-json\/wp\/v2\/pages\/47\" data-token=\"950e6b78f58fd52ca967ec92f245a1a9\" data-token-time=\"1776596545\"><div class=\"wpforms-head-container\"><div class=\"wpforms-title\">Kontaktskjema<\/div><\/div><noscript class=\"wpforms-error-noscript\">Please enable JavaScript in your browser to complete this form.<\/noscript><div id=\"wpforms-error-noscript\" style=\"display: none;\">Please enable JavaScript in your browser to complete this form.<\/div><div class=\"wpforms-field-container\">\t\t<div id=\"wpforms-755-field_4-container\"\n\t\t\tclass=\"wpforms-field wpforms-field-text\"\n\t\t\tdata-field-type=\"text\"\n\t\t\tdata-field-id=\"4\"\n\t\t\t>\n\t\t\t<label class=\"wpforms-field-label\" for=\"wpforms-755-field_4\" >melding E-postadresse Navn<\/label>\n\t\t\t<input type=\"text\" id=\"wpforms-755-field_4\" class=\"wpforms-field-medium\" name=\"wpforms[fields][4]\" >\n\t\t<\/div>\n\t\t<div id=\"wpforms-755-field_1-container\" class=\"wpforms-field wpforms-field-name\" data-field-id=\"1\"><label class=\"wpforms-field-label\" for=\"wpforms-755-field_1\">Navn <span class=\"wpforms-required-label\" aria-hidden=\"true\">*<\/span><\/label><input type=\"text\" id=\"wpforms-755-field_1\" class=\"wpforms-field-medium wpforms-field-required\" name=\"wpforms[fields][1]\" aria-errormessage=\"wpforms-755-field_1-error\" required><\/div><div id=\"wpforms-755-field_2-container\" class=\"wpforms-field wpforms-field-email\" data-field-id=\"2\"><label class=\"wpforms-field-label\" for=\"wpforms-755-field_2\">E-postadresse <span class=\"wpforms-required-label\" aria-hidden=\"true\">*<\/span><\/label><input type=\"email\" id=\"wpforms-755-field_2\" class=\"wpforms-field-medium wpforms-field-required\" name=\"wpforms[fields][2]\" spellcheck=\"false\" aria-errormessage=\"wpforms-755-field_2-error\" required><\/div><div id=\"wpforms-755-field_3-container\" class=\"wpforms-field wpforms-field-textarea\" data-field-id=\"3\"><label class=\"wpforms-field-label\" for=\"wpforms-755-field_3\">Din melding <span class=\"wpforms-required-label\" aria-hidden=\"true\">*<\/span><\/label><textarea id=\"wpforms-755-field_3\" class=\"wpforms-field-medium wpforms-field-required\" name=\"wpforms[fields][3]\" aria-errormessage=\"wpforms-755-field_3-error\" required><\/textarea><\/div><script>\n\t\t\t\t( function() {\n\t\t\t\t\tconst style = document.createElement( 'style' );\n\t\t\t\t\tstyle.appendChild( document.createTextNode( '#wpforms-755-field_4-container { position: absolute !important; overflow: hidden !important; display: inline !important; height: 1px !important; width: 1px !important; z-index: -1000 !important; padding: 0 !important; } #wpforms-755-field_4-container input { visibility: hidden; } #wpforms-conversational-form-page #wpforms-755-field_4-container label { counter-increment: none; }' ) );\n\t\t\t\t\tdocument.head.appendChild( style );\n\t\t\t\t\tdocument.currentScript?.remove();\n\t\t\t\t} )();\n\t\t\t<\/script><\/div><!-- .wpforms-field-container --><div class=\"wpforms-submit-container\" ><input type=\"hidden\" name=\"wpforms[id]\" value=\"755\"><input type=\"hidden\" name=\"page_title\" value=\"\"><input type=\"hidden\" name=\"page_url\" value=\"https:\/\/danielsund.no\/en\/wp-json\/wp\/v2\/pages\/47\"><input type=\"hidden\" name=\"url_referer\" value=\"\"><button type=\"submit\" name=\"wpforms[submit]\" id=\"wpforms-submit-755\" class=\"wpforms-submit\" data-alt-text=\"Sender...\" data-submit-text=\"Send\" aria-live=\"assertive\" value=\"wpforms-submit\">Send<\/button><img decoding=\"async\" src=\"https:\/\/danielsund.no\/wp-content\/plugins\/wpforms-lite\/assets\/images\/submit-spin.svg\" class=\"wpforms-submit-spinner\" style=\"display: none;\" width=\"26\" height=\"26\" alt=\"Loading\"><\/div><\/form><\/div>  <!-- .wpforms-container -->\t\t\t\t<\/div>\n\t\t\t\t<\/div>\n\t\t\t\t<div class=\"elementor-element elementor-element-3f5d053 elementor-widget__width-inherit elementor-widget elementor-widget-html\" data-id=\"3f5d053\" data-element_type=\"widget\" data-e-type=\"widget\" data-widget_type=\"html.default\">\n\t\t\t\t<div class=\"elementor-widget-container\">\n\t\t\t\t\t<script src=\"https:\/\/system.easypractice.net\/js\/templates\/onlinebook_iframe.js\"><\/script>\r\n<iframe style=\"width: 100%; height: 1000px;\" frameborder=\"0\" src=\"https:\/\/system.easypractice.net\/book\/daniel-sund\"><\/iframe>\t\t\t\t<\/div>\n\t\t\t\t<\/div>\n\t\t\t\t<div class=\"elementor-element elementor-element-3c25d6e2 elementor-widget__width-inherit elementor-widget elementor-widget-text-editor\" data-id=\"3c25d6e2\" data-element_type=\"widget\" data-e-type=\"widget\" data-widget_type=\"text-editor.default\">\n\t\t\t\t<div class=\"elementor-widget-container\">\n\t\t\t\t\t\t\t\t\t<p class=\"has-commissioner-font-family\"><img decoding=\"async\" class=\"emoji\" role=\"img\" draggable=\"false\" src=\"https:\/\/s.w.org\/images\/core\/emoji\/17.0.2\/svg\/1f4ac.svg\" alt=\"\ud83d\udcac\" \/> Finner du ikke en passende tid eller \u00f8nsker du hjelp til bestilling?<\/p><p class=\"has-commissioner-font-family\"><a href=\"mailto:info@danielsund.no\"><img decoding=\"async\" class=\"emoji\" role=\"img\" draggable=\"false\" src=\"https:\/\/s.w.org\/images\/core\/emoji\/17.0.2\/svg\/1f4e7.svg\" alt=\"\ud83d\udce7\" \/>\u00a0info@danielsund.no<\/a><\/p><p class=\"has-commissioner-font-family\"><img decoding=\"async\" class=\"emoji\" style=\"background-color: #f6f6f6; letter-spacing: 0px; word-spacing: 0em; font-size: 1rem;\" role=\"img\" draggable=\"false\" src=\"https:\/\/s.w.org\/images\/core\/emoji\/17.0.2\/svg\/1f4de.svg\" alt=\"\ud83d\udcde\" \/><span style=\"letter-spacing: 0px; word-spacing: 0em; font-size: 1rem;\"> +47 415 01453<\/span><\/p>\t\t\t\t\t\t\t\t<\/div>\n\t\t\t\t<\/div>\n\t\t\t\t<div class=\"elementor-element elementor-element-5cf5c81 elementor-widget__width-inherit elementor-widget elementor-widget-text-editor\" data-id=\"5cf5c81\" data-element_type=\"widget\" data-e-type=\"widget\" data-widget_type=\"text-editor.default\">\n\t\t\t\t<div class=\"elementor-widget-container\">\n\t\t\t\t\t\t\t\t\t<p class=\"has-commissioner-font-family\"><img decoding=\"async\" class=\"emoji\" role=\"img\" draggable=\"false\" src=\"https:\/\/s.w.org\/images\/core\/emoji\/16.0.1\/svg\/1f4b5.svg\" alt=\"\ud83d\udcb5\" \/>\u00a0<strong>Enkelttime:<\/strong>\u00a0Betal med kort ved bestilling eller ved oppm\u00f8te med Vipps eller kort.<\/p><p class=\"has-commissioner-font-family\"><img decoding=\"async\" class=\"emoji\" role=\"img\" draggable=\"false\" src=\"https:\/\/s.w.org\/images\/core\/emoji\/16.0.1\/svg\/1f4b3.svg\" alt=\"\ud83d\udcb3\" \/>\u00a0<strong>Fjernhealing, pakker\/klippekort og gavekort:<\/strong> M\u00e5 betales ved bestilling dersom ikke annet er avtalt.\u00a0<\/p><p class=\"has-commissioner-font-family\"><img decoding=\"async\" class=\"emoji\" role=\"img\" draggable=\"false\" src=\"https:\/\/s.w.org\/images\/core\/emoji\/16.0.1\/svg\/1f39f.svg\" alt=\"\ud83c\udf9f\ufe0f\" \/> <strong>Klippekort:<\/strong> N\u00e5r du har kj\u00f8pt klippekort kan du logge inn og bruke klippene som betaling for enkelttimer. Har du klippekort og \u00f8nsker \u00e5 bruke det til fjernhealing, ta kontakt. Om du f\u00e5r problemer med \u00e5 registrere klippet ved bestilling, velg &laquo;betal senere&raquo;.<\/p><p class=\"has-commissioner-font-family\"><img decoding=\"async\" class=\"emoji\" role=\"img\" draggable=\"false\" src=\"https:\/\/s.w.org\/images\/core\/emoji\/16.0.1\/svg\/23f0.svg\" alt=\"\u23f0\" \/>\u00a0<strong>Avbestilling:<\/strong>\u00a0Enkelttimer kan du selv avbestille inntil 24 timer f\u00f8r oppm\u00f8te.<\/p><p class=\"has-commissioner-font-family\"><img decoding=\"async\" class=\"emoji\" role=\"img\" draggable=\"false\" src=\"https:\/\/s.w.org\/images\/core\/emoji\/16.0.1\/svg\/1f4de.svg\" alt=\"\ud83d\udcde\" \/> <strong>Forhindret etter dette?<\/strong>\u00a0Ta kontakt, s\u00e5 finner vi en l\u00f8sning.<\/p><p class=\"has-commissioner-font-family\"><img decoding=\"async\" class=\"emoji\" role=\"img\" draggable=\"false\" src=\"https:\/\/s.w.org\/images\/core\/emoji\/16.0.1\/svg\/1f4e7.svg\" alt=\"\ud83d\udce7\" \/>\u00a0<strong>Endring av time:<\/strong>\u00a0For \u00e5 endre tidspunkt, ta kontakt p\u00e5\u00a0<a>info@danielsund.no<\/a>\u00a0eller telefon +47 415 01 453.<\/p><p class=\"has-commissioner-font-family\"><img decoding=\"async\" class=\"emoji\" role=\"img\" draggable=\"false\" src=\"https:\/\/s.w.org\/images\/core\/emoji\/16.0.1\/svg\/1f4c4.svg\" alt=\"\ud83d\udcc4\" \/>\u00a0<a href=\"https:\/\/danielsund.no\/betingelser\/\">Klikk her for gjeldende vilk\u00e5r.<\/a><\/p>\t\t\t\t\t\t\t\t<\/div>\n\t\t\t\t<\/div>\n\t\t\t\t<\/div>\n\t\t\t\t\t<\/div>\n\t\t\t\t<\/div>\n\t\t\t\t<\/div>\n\t\t","protected":false},"excerpt":{"rendered":"<p>Bestill Pakketilbud 3 timer over 4-6 uker.\u00a0 Kr 2500 inkl. mva. 6 timer over 8-12 uker.\u00a0 Kr 4000 inkl. mva. ____________________________ Enkelttime Du kan oppgradere til en pakke etter f\u00f8rste time. Kr 1000 inkl. mva. Delbetaling er mulig for pakker. Ta kontakt dersom du \u00f8nsker dette. Du kan bestille time i kalenderen under, eller ta [&hellip;]<\/p>\n","protected":false},"author":1,"featured_media":0,"parent":0,"menu_order":0,"comment_status":"closed","ping_status":"closed","template":"","meta":{"_monsterinsights_skip_tracking":false,"_monsterinsights_sitenote_active":false,"_monsterinsights_sitenote_note":"","_monsterinsights_sitenote_category":0,"footnotes":""},"class_list":["post-47","page","type-page","status-publish","hentry"],"aioseo_notices":[],"jetpack_sharing_enabled":true,"_links":{"self":[{"href":"https:\/\/danielsund.no\/en\/wp-json\/wp\/v2\/pages\/47","targetHints":{"allow":["GET"]}}],"collection":[{"href":"https:\/\/danielsund.no\/en\/wp-json\/wp\/v2\/pages"}],"about":[{"href":"https:\/\/danielsund.no\/en\/wp-json\/wp\/v2\/types\/page"}],"author":[{"embeddable":true,"href":"https:\/\/danielsund.no\/en\/wp-json\/wp\/v2\/users\/1"}],"replies":[{"embeddable":true,"href":"https:\/\/danielsund.no\/en\/wp-json\/wp\/v2\/comments?post=47"}],"version-history":[{"count":213,"href":"https:\/\/danielsund.no\/en\/wp-json\/wp\/v2\/pages\/47\/revisions"}],"predecessor-version":[{"id":1913,"href":"https:\/\/danielsund.no\/en\/wp-json\/wp\/v2\/pages\/47\/revisions\/1913"}],"wp:attachment":[{"href":"https:\/\/danielsund.no\/en\/wp-json\/wp\/v2\/media?parent=47"}],"curies":[{"name":"wp","href":"https:\/\/api.w.org\/{rel}","templated":true}]}}