{"id":41,"date":"2025-05-08T09:42:17","date_gmt":"2025-05-08T09:42:17","guid":{"rendered":"https:\/\/danielsund.no\/?page_id=41"},"modified":"2026-04-13T10:18:54","modified_gmt":"2026-04-13T10:18:54","slug":"opplevelsen","status":"publish","type":"page","link":"https:\/\/danielsund.no\/en\/opplevelsen\/","title":{"rendered":"Opplevelsen"},"content":{"rendered":"<div data-elementor-type=\"wp-page\" data-elementor-id=\"41\" class=\"elementor elementor-41\" data-elementor-post-type=\"page\">\n\t\t\t\t<div class=\"elementor-element elementor-element-41fb99b e-flex e-con-boxed e-con e-parent\" data-id=\"41fb99b\" data-element_type=\"container\" data-e-type=\"container\">\n\t\t\t\t\t<div class=\"e-con-inner\">\n\t\t<div class=\"elementor-element elementor-element-2212bbb e-con-full e-flex e-con e-child\" data-id=\"2212bbb\" data-element_type=\"container\" data-e-type=\"container\" data-settings=\"{&quot;background_background&quot;:&quot;classic&quot;}\">\n\t\t\t\t<div class=\"elementor-element elementor-element-5629e5e elementor-widget elementor-widget-heading\" data-id=\"5629e5e\" data-element_type=\"widget\" data-e-type=\"widget\" data-widget_type=\"heading.default\">\n\t\t\t\t<div class=\"elementor-widget-container\">\n\t\t\t\t\t<h2 class=\"elementor-heading-title elementor-size-default\">Opplevelsen<\/h2>\t\t\t\t<\/div>\n\t\t\t\t<\/div>\n\t\t\t\t<div class=\"elementor-element elementor-element-c5194bb elementor-widget__width-inherit elementor-widget elementor-widget-text-editor\" data-id=\"c5194bb\" data-element_type=\"widget\" data-e-type=\"widget\" data-widget_type=\"text-editor.default\">\n\t\t\t\t<div class=\"elementor-widget-container\">\n\t\t\t\t\t\t\t\t\t<p>En healingsesjon er mest av alt en opplevelse. En opplevelse der du f\u00e5r rom til \u00e5 g\u00e5 i m\u00f8te med deg selv. Rom til \u00e5 slappe av, til \u00e5 puste og til \u00e5 komme i kontakt med delene av deg du har gjemt bort.&nbsp;<\/p>\n<p>Det handler ikke om at en healer skal fikse noe som er feil. Det er et samspill der vi setter en atmosf\u00e6re og en energi som er trygg og st\u00f8ttende&nbsp;for akkurat den prosessen som vil frem i lyset.<\/p>\t\t\t\t\t\t\t\t<\/div>\n\t\t\t\t<\/div>\n\t\t\t\t<div class=\"elementor-element elementor-element-da93cce elementor-skin-carousel elementor-arrows-yes elementor-pagination-type-bullets elementor-pagination-position-outside elementor-widget elementor-widget-media-carousel\" data-id=\"da93cce\" data-element_type=\"widget\" data-e-type=\"widget\" data-settings=\"{&quot;skin&quot;:&quot;carousel&quot;,&quot;effect&quot;:&quot;slide&quot;,&quot;show_arrows&quot;:&quot;yes&quot;,&quot;pagination&quot;:&quot;bullets&quot;,&quot;speed&quot;:500,&quot;autoplay&quot;:&quot;yes&quot;,&quot;autoplay_speed&quot;:5000,&quot;loop&quot;:&quot;yes&quot;,&quot;pause_on_hover&quot;:&quot;yes&quot;,&quot;pause_on_interaction&quot;:&quot;yes&quot;,&quot;space_between&quot;:{&quot;unit&quot;:&quot;px&quot;,&quot;size&quot;:10,&quot;sizes&quot;:[]},&quot;space_between_tablet&quot;:{&quot;unit&quot;:&quot;px&quot;,&quot;size&quot;:10,&quot;sizes&quot;:[]},&quot;space_between_mobile&quot;:{&quot;unit&quot;:&quot;px&quot;,&quot;size&quot;:10,&quot;sizes&quot;:[]}}\" data-widget_type=\"media-carousel.default\">\n\t\t\t\t<div class=\"elementor-widget-container\">\n\t\t\t\t\t\t\t\t\t<div class=\"elementor-swiper\">\n\t\t\t\t\t<div class=\"elementor-main-swiper swiper\" role=\"region\" aria-roledescription=\"carousel\" aria-label=\"Slides\">\n\t\t\t\t<div class=\"swiper-wrapper\">\n\t\t\t\t\t\t\t\t\t\t\t<div class=\"swiper-slide\" role=\"group\" aria-roledescription=\"slide\">\n\t\t\t\t\t\t\t\t\t<div class=\"elementor-carousel-image\" role=\"img\" aria-label=\"P1922028\" style=\"background-image: url(&#039;https:\/\/danielsund.no\/wp-content\/uploads\/2026\/04\/P1922028-scaled.jpg&#039;)\">\n\n\t\t\t\n\t\t\t\t\t<\/div>\n\t\t\t\t\t\t\t\t<\/div>\n\t\t\t\t\t\t\t\t\t\t\t<div class=\"swiper-slide\" role=\"group\" aria-roledescription=\"slide\">\n\t\t\t\t\t\t\t\t\t<div class=\"elementor-carousel-image\" role=\"img\" aria-label=\"P1922049\" style=\"background-image: url(&#039;https:\/\/danielsund.no\/wp-content\/uploads\/2026\/04\/P1922049-scaled.jpg&#039;)\">\n\n\t\t\t\n\t\t\t\t\t<\/div>\n\t\t\t\t\t\t\t\t<\/div>\n\t\t\t\t\t\t\t\t\t\t\t<div class=\"swiper-slide\" role=\"group\" aria-roledescription=\"slide\">\n\t\t\t\t\t\t\t\t\t<div class=\"elementor-carousel-image\" role=\"img\" aria-label=\"P1922043\" style=\"background-image: url(&#039;https:\/\/danielsund.no\/wp-content\/uploads\/2026\/04\/P1922043-1-scaled.jpg&#039;)\">\n\n\t\t\t\n\t\t\t\t\t<\/div>\n\t\t\t\t\t\t\t\t<\/div>\n\t\t\t\t\t\t\t\t\t\t\t<div class=\"swiper-slide\" role=\"group\" aria-roledescription=\"slide\">\n\t\t\t\t\t\t\t\t\t<div class=\"elementor-carousel-image\" role=\"img\" aria-label=\"P1922002\" style=\"background-image: url(&#039;https:\/\/danielsund.no\/wp-content\/uploads\/2026\/04\/P1922002-scaled.jpg&#039;)\">\n\n\t\t\t\n\t\t\t\t\t<\/div>\n\t\t\t\t\t\t\t\t<\/div>\n\t\t\t\t\t\t\t\t\t<\/div>\n\t\t\t\t\t\t\t\t\t\t\t\t\t\t\t<div class=\"elementor-swiper-button elementor-swiper-button-prev\" role=\"button\" tabindex=\"0\" aria-label=\"Previous\">\n\t\t\t\t\t\t\t<svg aria-hidden=\"true\" class=\"e-font-icon-svg e-eicon-chevron-left\" viewbox=\"0 0 1000 1000\" xmlns=\"http:\/\/www.w3.org\/2000\/svg\"><path d=\"M646 125C629 125 613 133 604 142L308 442C296 454 292 471 292 487 292 504 296 521 308 533L604 854C617 867 629 875 646 875 663 875 679 871 692 858 704 846 713 829 713 812 713 796 708 779 692 767L438 487 692 225C700 217 708 204 708 187 708 171 704 154 692 142 675 129 663 125 646 125Z\"><\/path><\/svg>\t\t\t\t\t\t<\/div>\n\t\t\t\t\t\t<div class=\"elementor-swiper-button elementor-swiper-button-next\" role=\"button\" tabindex=\"0\" aria-label=\"Next\">\n\t\t\t\t\t\t\t<svg aria-hidden=\"true\" class=\"e-font-icon-svg e-eicon-chevron-right\" viewbox=\"0 0 1000 1000\" xmlns=\"http:\/\/www.w3.org\/2000\/svg\"><path d=\"M696 533C708 521 713 504 713 487 713 471 708 454 696 446L400 146C388 133 375 125 354 125 338 125 325 129 313 142 300 154 292 171 292 187 292 204 296 221 308 233L563 492 304 771C292 783 288 800 288 817 288 833 296 850 308 863 321 871 338 875 354 875 371 875 388 867 400 854L696 533Z\"><\/path><\/svg>\t\t\t\t\t\t<\/div>\n\t\t\t\t\t\t\t\t\t\t\t\t\t\t\t\t<div class=\"swiper-pagination\"><\/div>\n\t\t\t\t\t\t\t\t\t\t\t\t<\/div>\n\t\t\t\t<\/div>\n\t\t\t\t\t\t\t\t<\/div>\n\t\t\t\t<\/div>\n\t\t\t\t<div class=\"elementor-element elementor-element-2655bd8 elementor-widget-mobile__width-inherit elementor-widget elementor-widget-text-editor\" data-id=\"2655bd8\" data-element_type=\"widget\" data-e-type=\"widget\" data-widget_type=\"text-editor.default\">\n\t\t\t\t<div class=\"elementor-widget-container\">\n\t\t\t\t\t\t\t\t\t<p><strong>Healing er en mulighet til \u00e5 bli m\u00f8tt akkurat der du er \u2013 uten krav eller forventninger.<\/strong><\/p><p>Noen kommer til meg med et spesifikt problem de \u00f8nsker \u00e5 bli kvitt, mens andre kjenner at de st\u00e5r litt fast eller at noe mangler.<br \/>Andre igjen er nysgjerrige p\u00e5 energi og \u00e5ndelighet, og hva energiarbeid kan gj\u00f8re for dem. Mange er et sted midt mellom disse.<\/p><p>Det vi kan \u00e5pne for, er sm\u00e5 eller store skift \u2013 i kroppen, i f\u00f8lelsene eller i m\u00e5ten du ser situasjoner p\u00e5. Noen merker at spenninger slipper taket, at pusten g\u00e5r dypere og at kroppen kjennes lettere. Mange beskriver en ro og klarhet som f\u00f8lger dem videre i hverdagen.<\/p><p>For noen kan konkrete plager lette p\u00e5 bare \u00e9n sesjon, men like ofte f\u00e5r du heller et glimt eller to av hvordan tilv\u00e6relsen kan v\u00e6re n\u00e5r ting flyter fritt. Jeg ser det som at kropp og sinn husker hvordan det f\u00f8les n\u00e5r alt er i balanse. Disse glimtene fungerer som en invitasjon til \u00e5 ta tilbake styringen over deg selv \u2013 noe vi gjerne gir litt fra oss etter hvert som livet skjer.<\/p><p>Jeg kan ikke forutsi hvilke opplevelser akkurat du vil f\u00e5, men jeg kan tilby et trygt rom der vi lar energien gj\u00f8re jobben \u2013 og der vi lar det som trengs tre frem i sitt eget tempo.<\/p>\t\t\t\t\t\t\t\t<\/div>\n\t\t\t\t<\/div>\n\t\t\t\t<div class=\"elementor-element elementor-element-2a26737 elementor-widget-mobile__width-inherit elementor-widget elementor-widget-text-editor\" data-id=\"2a26737\" data-element_type=\"widget\" data-e-type=\"widget\" data-widget_type=\"text-editor.default\">\n\t\t\t\t<div class=\"elementor-widget-container\">\n\t\t\t\t\t\t\t\t\t<p><span style=\"font-size: 1rem;\"><b>Hvordan foreg\u00e5r det?<\/b>&nbsp;<\/span><\/p>\n<p><span style=\"font-size: 1rem;\">F\u00f8rste gang setter vi av litt tid til \u00e5 bli kjent, og du kan fortelle hva som er din motivasjon og inngang til healingen.&nbsp;<\/span><span style=\"font-size: 1rem;\">Selve healingsesjonen varer i underkant av<\/span><span style=\"font-size: 1rem;\">&nbsp;<\/span><span style=\"font-size: 1rem; font-weight: bolder;\">en time<\/span><span style=\"font-size: 1rem;\">, og du ligger p\u00e5 benken i rundt<\/span><span style=\"font-size: 1rem;\">&nbsp;<\/span><span style=\"font-size: 1rem; font-weight: bolder;\">tretti minutter<\/span><span style=\"font-size: 1rem;\">.<\/span><\/p>\n<p>Jeg vil ogs\u00e5 forklare litt om hvordan sesjonen foreg\u00e5r og hvordan den kan f\u00f8les, og du f\u00e5r anledning til \u00e5 <strong>stille sp\u00f8rsm\u00e5l<\/strong> om det er noe du lurer p\u00e5. Ved senere bes\u00f8k bruker vi ogs\u00e5 noen minutter i starten til \u00e5 kjenne etter om noe har endret seg siden sist, eller om det er noe nytt du \u00f8nsker \u00e5 ta med inn i \u00f8kten.&nbsp;<\/p>\n<p>N\u00e5r vi er klare legger du deg ned p\u00e5 behandlingsbenken. Jeg beveger meg rundt benken og jobber p\u00e5 litt avstand fra kroppen, healing\u00f8kten foreg\u00e5r <strong>uten fysisk ber\u00f8ring.<\/strong>&nbsp;Noen ganger kjennes det riktig at hele denne \u00f8kten foreg\u00e5r i stillhet, mens andre ganger er det naturlig at vi prater litt underveis.<\/p>\n<p>I l\u00f8pet av \u00f8kten er det vanlig \u00e5 oppleve ulike <strong>fysiske og sanselige inntrykk.<\/strong>&nbsp;Disse varierer fra person til person og gang til gang, men de mest vanlige er bevegelser i kroppen, sm\u00e5 rykninger i \u00f8yne og munn og sm\u00e5 lyder fra magen som tegn p\u00e5 avspenning. De fleste rapporterer \u00e5 oppleve en <strong>dyp f\u00f8lelse av avslapning og indre ro<\/strong>, enten hele tiden eller som sm\u00e5 glimt underveis. Det kan dukke opp tanker eller emosjoner, som selv om de kan v\u00e6re ubehagelige i \u00f8yeblikket vil kunne f\u00f8les forl\u00f8sende \u00e5 f\u00e5 frem i lyset.&nbsp;<\/p>\n<p>N\u00e5r de tretti minuttene har g\u00e5tt, inviteres du til \u00e5 <strong>rolig \u00e5pne \u00f8ynene og vende tilbake til rommet<\/strong>. Vi tar oss tid til \u00e5 kjenne etter og snakke gjennom hvordan \u00f8kten var &#8211; b\u00e5de det du opplevde og ikke opplevde.&nbsp;&nbsp;<\/p>\n<p>\u00d8nsker du \u00e5 lese hvordan noen av klientene mine har opplevd sesjonene, se&nbsp;<a href=\"https:\/\/danielsund.no\/en\/tilbakemeldinger\/\">tilbakemeldinger<\/a>.&nbsp;<\/p>\t\t\t\t\t\t\t\t<\/div>\n\t\t\t\t<\/div>\n\t\t\t\t<div class=\"elementor-element elementor-element-c5352ed elementor-widget-mobile__width-inherit elementor-widget elementor-widget-text-editor\" data-id=\"c5352ed\" data-element_type=\"widget\" data-e-type=\"widget\" data-widget_type=\"text-editor.default\">\n\t\t\t\t<div class=\"elementor-widget-container\">\n\t\t\t\t\t\t\t\t\t<p class=\"MsoNormal\"><strong>Forberedelser<\/strong><\/p><p class=\"MsoNormal\">Ha p\u00e5 deg behagelige kl\u00e6r og sokker, slik at du kan ligge <strong>komfortabelt<\/strong> p\u00e5 benken i en halv time. Ellers &#8211; kom som du er.<\/p><p class=\"MsoNormal\"><strong>Etter sesjonen<\/strong><\/p><p class=\"MsoNormal\">Du kan i utgangspunktet gj\u00f8re akkurat hva du vil etter sesjonen, men <strong>lytt til kroppen<\/strong>. Noen ganger kan man f\u00f8le seg litt \u00abtom\u00bb n\u00e5r det har v\u00e6rt sterke forl\u00f8sninger, og enkelte opplever \u00e5 bli kortvarig litt uvel. En generell anbefaling er \u00e5 ta det <strong>rolig<\/strong> resten av dagen, og \u00e5 drikke godt med <strong>vann<\/strong>. Mange opplever \u00e5 v\u00e6re mer \u00abtil stede\u00bb og klarere enn f\u00f8r, og jeg oppfordrer deg derfor til \u00e5 <strong>lytte og observere<\/strong> &#8211; b\u00e5de til kroppen din og til omgivelsene &#8211; i timene og dagene etter \u00f8kten.\u00a0<\/p>\t\t\t\t\t\t\t\t<\/div>\n\t\t\t\t<\/div>\n\t\t\t\t<div class=\"elementor-element elementor-element-4fe4b1e elementor-widget-mobile__width-inherit elementor-widget elementor-widget-text-editor\" data-id=\"4fe4b1e\" data-element_type=\"widget\" data-e-type=\"widget\" data-widget_type=\"text-editor.default\">\n\t\t\t\t<div class=\"elementor-widget-container\">\n\t\t\t\t\t\t\t\t\t<p><strong>Hvor mange sesjoner trenger jeg?<\/strong><\/p><p>Det er veldig individuelt. De fleste som kommer til meg for f\u00f8rste gang velger tre sesjoner og kjenner deretter om de \u00f8nsker \u00e5 fortsette. En god inngang er \u00e5 ta tre sesjoner over fire til seks uker. Er du usikker, bestill en enkelttime og s\u00e5 kan du bestemme deg etter f\u00f8rste sesjon.\u00a0<\/p>\t\t\t\t\t\t\t\t<\/div>\n\t\t\t\t<\/div>\n\t\t\t\t<div class=\"elementor-element elementor-element-3e36d1d elementor-widget-mobile__width-inherit elementor-widget elementor-widget-text-editor\" data-id=\"3e36d1d\" data-element_type=\"widget\" data-e-type=\"widget\" data-widget_type=\"text-editor.default\">\n\t\t\t\t<div class=\"elementor-widget-container\">\n\t\t\t\t\t\t\t\t\t<p><strong>Fjernhealing<\/strong><\/p><p>Dersom du ikke har mulighet til \u00e5 komme til kontoret, eller av andre grunner \u00f8nsker \u00e5 ha\u00a0<strong>healingopplevelsen hjemmefra<\/strong>\u00a0kan du bestille fjernhealing i stedet. Dette passer ogs\u00e5 om du har problemer med \u00e5 ta deg opp trappene til kontoret, eller om du har problemer med \u00e5 ligge p\u00e5 en behandlingsbenk.<\/p><p>Fjernhealing virker p\u00e5 samme m\u00e5te som en \u00f8kt p\u00e5 kontoret, selv om selve opplevelsen kan v\u00e6re noe annerledes enn n\u00e5r vi m\u00f8tes fysisk.<\/p><p>Rent praktisk anbefaler jeg deg \u00e5 oppholde deg et\u00a0<strong>stille og rolig sted<\/strong>\u00a0der du ikke vil bli forstyrret i 35-40 minutter fra tidspunktet vi har avtalt. Du kan velge om du vil ligge eller sitte. Jeg ringer deg opp f\u00f8r vi starter \u00f8kten, og igjen etterp\u00e5 slik at vi f\u00e5r snakket gjennom hva du sanset og opplevde.<\/p>\t\t\t\t\t\t\t\t<\/div>\n\t\t\t\t<\/div>\n\t\t\t\t<\/div>\n\t\t\t\t\t<\/div>\n\t\t\t\t<\/div>\n\t\t\t\t<\/div>","protected":false},"excerpt":{"rendered":"<p>Opplevelsen En healingsesjon er mest av alt en opplevelse. En opplevelse der du f\u00e5r rom til \u00e5 g\u00e5 i m\u00f8te med deg selv. Rom til \u00e5 slappe av, til \u00e5 puste og til \u00e5 komme i kontakt med delene av deg du har gjemt bort.&nbsp; Det handler ikke om at en healer skal fikse noe [&hellip;]<\/p>\n","protected":false},"author":1,"featured_media":0,"parent":0,"menu_order":0,"comment_status":"closed","ping_status":"closed","template":"","meta":{"_monsterinsights_skip_tracking":false,"_monsterinsights_sitenote_active":false,"_monsterinsights_sitenote_note":"","_monsterinsights_sitenote_category":0,"footnotes":""},"class_list":["post-41","page","type-page","status-publish","hentry"],"aioseo_notices":[],"jetpack_sharing_enabled":true,"_links":{"self":[{"href":"https:\/\/danielsund.no\/en\/wp-json\/wp\/v2\/pages\/41","targetHints":{"allow":["GET"]}}],"collection":[{"href":"https:\/\/danielsund.no\/en\/wp-json\/wp\/v2\/pages"}],"about":[{"href":"https:\/\/danielsund.no\/en\/wp-json\/wp\/v2\/types\/page"}],"author":[{"embeddable":true,"href":"https:\/\/danielsund.no\/en\/wp-json\/wp\/v2\/users\/1"}],"replies":[{"embeddable":true,"href":"https:\/\/danielsund.no\/en\/wp-json\/wp\/v2\/comments?post=41"}],"version-history":[{"count":205,"href":"https:\/\/danielsund.no\/en\/wp-json\/wp\/v2\/pages\/41\/revisions"}],"predecessor-version":[{"id":1866,"href":"https:\/\/danielsund.no\/en\/wp-json\/wp\/v2\/pages\/41\/revisions\/1866"}],"wp:attachment":[{"href":"https:\/\/danielsund.no\/en\/wp-json\/wp\/v2\/media?parent=41"}],"curies":[{"name":"wp","href":"https:\/\/api.w.org\/{rel}","templated":true}]}}