{"id":1525,"date":"2026-03-03T13:36:08","date_gmt":"2026-03-03T13:36:08","guid":{"rendered":"https:\/\/danielsund.no\/?page_id=1525"},"modified":"2026-04-07T18:47:34","modified_gmt":"2026-04-07T18:47:34","slug":"om-meg","status":"publish","type":"page","link":"https:\/\/danielsund.no\/en\/om-meg\/","title":{"rendered":"Om meg"},"content":{"rendered":"<div data-elementor-type=\"wp-page\" data-elementor-id=\"1525\" class=\"elementor elementor-1525\" data-elementor-post-type=\"page\">\n\t\t\t\t<div class=\"elementor-element elementor-element-2554a8c e-con-full e-flex e-con e-parent\" data-id=\"2554a8c\" data-element_type=\"container\" data-e-type=\"container\">\n\t\t<div class=\"elementor-element elementor-element-b9f19c8 e-con-full e-flex e-con e-child\" data-id=\"b9f19c8\" data-element_type=\"container\" data-e-type=\"container\" data-settings=\"{&quot;background_background&quot;:&quot;classic&quot;}\">\n\t\t\t\t<div class=\"elementor-element elementor-element-1e33d90 elementor-widget elementor-widget-heading\" data-id=\"1e33d90\" data-element_type=\"widget\" data-e-type=\"widget\" data-widget_type=\"heading.default\">\n\t\t\t\t<div class=\"elementor-widget-container\">\n\t\t\t\t\t<h2 class=\"elementor-heading-title elementor-size-default\">Om meg<\/h2>\t\t\t\t<\/div>\n\t\t\t\t<\/div>\n\t\t\t\t<div class=\"elementor-element elementor-element-65b9500 elementor-widget-mobile__width-inherit elementor-widget elementor-widget-text-editor\" data-id=\"65b9500\" data-element_type=\"widget\" data-e-type=\"widget\" data-widget_type=\"text-editor.default\">\n\t\t\t\t<div class=\"elementor-widget-container\">\n\t\t\t\t\t\t\t\t\t<p><strong><em>Hei, jeg heter Daniel.<\/em><\/strong><\/p><p>Jeg er opptatt av menneskem\u00f8tene.<\/p><p>M\u00f8tene som oppst\u00e5r n\u00e5r vi skaper rom og trygghet til \u00e5 se forbi maskene og tillater oss \u00e5 bare v\u00e6re. Det \u00e5 f\u00e5 et kort glimt av dette ukjente kan gi tilgang til noe tidl\u00f8st, som ogs\u00e5 har kraft til \u00e5 endre v\u00e5r virkelighet. Om det er det som er riktig.<\/p><p>Jeg vil lage rom for, og omfavne det ukjente, det vi ikke kan forklare med ord. \u00a0Senere kan vi fortsatt leke med ordene og fange essensen av tilstedev\u00e6relsen vi har skapt. Eller g\u00e5 videre og la det v\u00e6re som det er, det er ingen regler \u00e5 f\u00f8lge.<\/p><p>Konseptet &laquo;ingen regler&raquo; har det tatt meg tid \u00e5 f\u00e5 grep om. Tidligere fulgte jeg en form for healing som snakket om \u00e5 ikke ha regler og teknikk. Paradoksalt nok kan ogs\u00e5 det \u00e5 ikke ha regler v\u00e6re det som setter oss fast i en rigid struktur. Det har v\u00e6rt frigj\u00f8rende \u00e5 gi slipp p\u00e5 dette. \u00c5 gi slipp p\u00e5 en tittel, og \u00e5 gi slipp p\u00e5 et rammeverk designet av andre. \u00c5 f\u00f8lge en kjent retning har v\u00e6rt komfortabelt for meg lenge, men da er det ekstra godt \u00e5 slippe st\u00f8ttehjulene.<\/p><p>Samtidig er det mer s\u00e5rbart \u00e5 skulle stole p\u00e5 seg selv. Jeg m\u00e5 f\u00f8lge og kommunisere det som kjennes ekte for meg, og t\u00e5le \u00e5 ta imot respons fra omgivelsene. Eller manglende respons \u2013 og ogs\u00e5 v\u00e6re komfortabel i stillheten. \u00c5 stille seg bak, eller gjemme seg bak, en teknikk eller metode, b\u00e5de fritok og frar\u00f8vet meg det virkelig autentiske i denne utvekslingen.<\/p><p>Friheten viser seg ogs\u00e5 i m\u00f8tene jeg har med klienter, og kommer frem i historiene til de jeg f\u00e5r jobbe med underveis. Opplevelsene og transformasjonene kommer ikke alltid p\u00e5 den m\u00e5ten eller i den rekkef\u00f8lgen vi hadde sett for oss, og det er veldig givende \u00e5 bli tatt med inn i det ukjente igjen og igjen. Det er fascinerende \u00e5 fortsatt bli overrasket, samtidig som prosessen kjennes helt naturlig.<\/p><p><em>Velkommen inn.<\/em><\/p>\t\t\t\t\t\t\t\t<\/div>\n\t\t\t\t<\/div>\n\t\t\t\t<div class=\"elementor-element elementor-element-03068a8 elementor-widget elementor-widget-image\" data-id=\"03068a8\" data-element_type=\"widget\" data-e-type=\"widget\" data-widget_type=\"image.default\">\n\t\t\t\t<div class=\"elementor-widget-container\">\n\t\t\t\t\t\t\t\t\t\t\t\t\t\t\t<img fetchpriority=\"high\" decoding=\"async\" width=\"768\" height=\"1024\" src=\"https:\/\/danielsund.no\/wp-content\/uploads\/2026\/04\/P1777227-768x1024.jpg\" class=\"attachment-large size-large wp-image-1835\" alt=\"\" srcset=\"https:\/\/danielsund.no\/wp-content\/uploads\/2026\/04\/P1777227-768x1024.jpg 768w, https:\/\/danielsund.no\/wp-content\/uploads\/2026\/04\/P1777227-225x300.jpg 225w, https:\/\/danielsund.no\/wp-content\/uploads\/2026\/04\/P1777227-1152x1536.jpg 1152w, https:\/\/danielsund.no\/wp-content\/uploads\/2026\/04\/P1777227-1536x2048.jpg 1536w, https:\/\/danielsund.no\/wp-content\/uploads\/2026\/04\/P1777227-9x12.jpg 9w, https:\/\/danielsund.no\/wp-content\/uploads\/2026\/04\/P1777227-scaled.jpg 1920w\" sizes=\"(max-width: 768px) 100vw, 768px\" \/>\t\t\t\t\t\t\t\t\t\t\t\t\t\t\t<\/div>\n\t\t\t\t<\/div>\n\t\t\t\t<\/div>\n\t\t\t\t<\/div>\n\t\t\t\t<\/div>","protected":false},"excerpt":{"rendered":"<p>Om meg Hei, jeg heter Daniel. Jeg er opptatt av menneskem\u00f8tene. M\u00f8tene som oppst\u00e5r n\u00e5r vi skaper rom og trygghet til \u00e5 se forbi maskene og tillater oss \u00e5 bare v\u00e6re. Det \u00e5 f\u00e5 et kort glimt av dette ukjente kan gi tilgang til noe tidl\u00f8st, som ogs\u00e5 har kraft til \u00e5 endre v\u00e5r virkelighet. [&hellip;]<\/p>\n","protected":false},"author":1,"featured_media":0,"parent":0,"menu_order":0,"comment_status":"closed","ping_status":"closed","template":"","meta":{"_monsterinsights_skip_tracking":false,"_monsterinsights_sitenote_active":false,"_monsterinsights_sitenote_note":"","_monsterinsights_sitenote_category":0,"footnotes":""},"class_list":["post-1525","page","type-page","status-publish","hentry"],"aioseo_notices":[],"jetpack_sharing_enabled":true,"_links":{"self":[{"href":"https:\/\/danielsund.no\/en\/wp-json\/wp\/v2\/pages\/1525","targetHints":{"allow":["GET"]}}],"collection":[{"href":"https:\/\/danielsund.no\/en\/wp-json\/wp\/v2\/pages"}],"about":[{"href":"https:\/\/danielsund.no\/en\/wp-json\/wp\/v2\/types\/page"}],"author":[{"embeddable":true,"href":"https:\/\/danielsund.no\/en\/wp-json\/wp\/v2\/users\/1"}],"replies":[{"embeddable":true,"href":"https:\/\/danielsund.no\/en\/wp-json\/wp\/v2\/comments?post=1525"}],"version-history":[{"count":52,"href":"https:\/\/danielsund.no\/en\/wp-json\/wp\/v2\/pages\/1525\/revisions"}],"predecessor-version":[{"id":1838,"href":"https:\/\/danielsund.no\/en\/wp-json\/wp\/v2\/pages\/1525\/revisions\/1838"}],"wp:attachment":[{"href":"https:\/\/danielsund.no\/en\/wp-json\/wp\/v2\/media?parent=1525"}],"curies":[{"name":"wp","href":"https:\/\/api.w.org\/{rel}","templated":true}]}}